{"id":1381,"date":"2023-11-24T10:24:53","date_gmt":"2023-11-24T09:24:53","guid":{"rendered":"https:\/\/webtoprint.triner.ch\/?post_type=product&#038;p=1381"},"modified":"2024-03-28T17:18:12","modified_gmt":"2024-03-28T16:18:12","slug":"leidbild","status":"publish","type":"product","link":"https:\/\/webtoprint.triner.ch\/en\/product\/leidbild\/","title":{"rendered":"Leidbild"},"content":{"rendered":"<p>Das Foto wird im Format 7.5 \u00d7 11 cm auf Fotopapier gedruckt. Sie k\u00f6nnen zudem die R\u00fcckseite mit einem Sujet und mit den Angaben zur verstorbenen Personen erg\u00e4nzen.<\/p>\n<p>W\u00fcnschen Sie das Bild in einer anderen Gr\u00f6sse und\/oder m\u00f6chten Sie es laminieren lassen? Dann kontaktieren Sie uns! Unsere Koordinaten finden Sie <a href=\"#kontakt\">am Ende dieser Seite<\/a>.<\/p>\n","protected":false},"excerpt":{"rendered":"<p>Das Foto wird im Format 7.5 \u00d7 11 cm auf Fotopapier gedruckt. Sie k\u00f6nnen zudem die R\u00fcckseite mit einem Sujet und mit den Angaben zur verstorbenen Personen erg\u00e4nzen. W\u00fcnschen Sie das Bild in einer anderen Gr\u00f6sse und\/oder m\u00f6chten Sie es laminieren lassen? Dann kontaktieren Sie uns! Unsere Koordinaten finden Sie am Ende dieser Seite.<\/p>\n","protected":false},"featured_media":1382,"template":"","meta":[],"product_brand":[],"product_cat":[429],"product_tag":[],"class_list":{"0":"post-1381","1":"product","2":"type-product","3":"status-publish","4":"has-post-thumbnail","6":"product_cat-trauerdrucksachen","7":"product_shipping_class-standard","9":"first","10":"instock","11":"taxable","12":"shipping-taxable","13":"purchasable","14":"product-type-fixed"},"_links":{"self":[{"href":"https:\/\/webtoprint.triner.ch\/en\/wp-json\/wp\/v2\/product\/1381","targetHints":{"allow":["GET"]}}],"collection":[{"href":"https:\/\/webtoprint.triner.ch\/en\/wp-json\/wp\/v2\/product"}],"about":[{"href":"https:\/\/webtoprint.triner.ch\/en\/wp-json\/wp\/v2\/types\/product"}],"wp:featuredmedia":[{"embeddable":true,"href":"https:\/\/webtoprint.triner.ch\/en\/wp-json\/wp\/v2\/media\/1382"}],"wp:attachment":[{"href":"https:\/\/webtoprint.triner.ch\/en\/wp-json\/wp\/v2\/media?parent=1381"}],"wp:term":[{"taxonomy":"product_brand","embeddable":true,"href":"https:\/\/webtoprint.triner.ch\/en\/wp-json\/wp\/v2\/product_brand?post=1381"},{"taxonomy":"product_cat","embeddable":true,"href":"https:\/\/webtoprint.triner.ch\/en\/wp-json\/wp\/v2\/product_cat?post=1381"},{"taxonomy":"product_tag","embeddable":true,"href":"https:\/\/webtoprint.triner.ch\/en\/wp-json\/wp\/v2\/product_tag?post=1381"}],"curies":[{"name":"wp","href":"https:\/\/api.w.org\/{rel}","templated":true}]}}