{"id":1340,"date":"2023-11-14T11:04:31","date_gmt":"2023-11-14T10:04:31","guid":{"rendered":"https:\/\/webtoprint.triner.ch\/accueil\/"},"modified":"2023-11-16T08:23:31","modified_gmt":"2023-11-16T07:23:31","slug":"accueil","status":"publish","type":"page","link":"https:\/\/webtoprint.triner.ch\/fr\/","title":{"rendered":"Accueil"},"content":{"rendered":"\t\t<div data-elementor-type=\"wp-page\" data-elementor-id=\"1340\" class=\"elementor elementor-1340 elementor-1333\" data-elementor-post-type=\"page\">\n\t\t\t\t\t\t<section class=\"elementor-section elementor-top-section elementor-element elementor-element-267b4c3 elementor-section-boxed elementor-section-height-default elementor-section-height-default\" data-id=\"267b4c3\" data-element_type=\"section\" data-e-type=\"section\">\n\t\t\t\t\t\t<div class=\"elementor-container elementor-column-gap-no\">\n\t\t\t\t\t<div class=\"elementor-column elementor-col-100 elementor-top-column elementor-element elementor-element-df2d908\" data-id=\"df2d908\" data-element_type=\"column\" data-e-type=\"column\">\n\t\t\t<div class=\"elementor-widget-wrap elementor-element-populated\">\n\t\t\t\t\t\t<div class=\"elementor-element elementor-element-000207f elementor-widget elementor-widget-heading\" data-id=\"000207f\" data-element_type=\"widget\" data-e-type=\"widget\" data-widget_type=\"heading.default\">\n\t\t\t\t<div class=\"elementor-widget-container\">\n\t\t\t\t\t<h1 class=\"elementor-heading-title elementor-size-default\">Web-to-Print<\/h1>\t\t\t\t<\/div>\n\t\t\t\t<\/div>\n\t\t\t\t<section class=\"elementor-section elementor-inner-section elementor-element elementor-element-63b9177 elementor-section-full_width elementor-section-height-default elementor-section-height-default\" data-id=\"63b9177\" data-element_type=\"section\" data-e-type=\"section\">\n\t\t\t\t\t\t<div class=\"elementor-container elementor-column-gap-no\">\n\t\t\t\t\t<div class=\"elementor-column elementor-col-100 elementor-inner-column elementor-element elementor-element-4b66985\" data-id=\"4b66985\" data-element_type=\"column\" data-e-type=\"column\">\n\t\t\t<div class=\"elementor-widget-wrap elementor-element-populated\">\n\t\t\t\t\t\t<div class=\"elementor-element elementor-element-f5180bb negative elementor-widget__width-initial elementor-widget-tablet__width-initial elementor-widget-mobile__width-inherit elementor-cta--skin-classic elementor-widget elementor-widget-call-to-action\" data-id=\"f5180bb\" data-element_type=\"widget\" data-e-type=\"widget\" data-widget_type=\"call-to-action.default\">\n\t\t\t\t<div class=\"elementor-widget-container\">\n\t\t\t\t\t\t\t<a class=\"elementor-cta\" href=\"https:\/\/webtoprint.triner.ch\/fr\/boutique\">\n\t\t\t\t\t\t\t<div class=\"elementor-cta__content\">\n\t\t\t\t\t\t\t\t\t<div class=\"elementor-content-item elementor-cta__content-item elementor-icon-wrapper elementor-cta__icon elementor-view-default\">\n\t\t\t\t\t\t<div class=\"elementor-icon\">\n\t\t\t\t\t\t\t<svg xmlns=\"http:\/\/www.w3.org\/2000\/svg\" xmlns:xlink=\"http:\/\/www.w3.org\/1999\/xlink\" id=\"Ebene_1\" x=\"0px\" y=\"0px\" viewBox=\"0 0 43.934 37.835\" style=\"enable-background:new 0 0 43.934 37.835;\" xml:space=\"preserve\"><style type=\"text\/css\">\t.st0{fill:#D5092D;}\t.st1{fill:#FFFFFF;}<\/style><g>\t<path d=\"M25.017,0c-5.37,0-10.506,2.295-14.093,6.298c-0.369,0.411-0.334,1.043,0.077,1.412c0.412,0.368,1.044,0.333,1.412-0.078   C15.621,4.053,20.214,2,25.017,2c9.328,0,16.917,7.589,16.917,16.917s-7.589,16.918-16.917,16.918   c-4.804,0-9.399-2.054-12.606-5.636c-0.369-0.411-1-0.446-1.412-0.078s-0.446,1.001-0.078,1.412   c3.586,4.005,8.724,6.302,14.096,6.302c10.431,0,18.917-8.486,18.917-18.918C43.934,8.486,35.448,0,25.017,0z\"><\/path>\t<path d=\"M17.858,24.672c-0.391,0.391-0.391,1.023,0,1.414c0.195,0.195,0.451,0.293,0.707,0.293s0.512-0.098,0.707-0.293   l6.649-6.649c0.391-0.391,0.391-1.023,0-1.414l-6.649-6.649c-0.391-0.391-1.023-0.391-1.414,0s-0.391,1.023,0,1.414l4.942,4.942   H8.707c-0.552,0-1,0.447-1,1s0.448,1,1,1H22.8L17.858,24.672z\"><\/path>\t<path d=\"M3.773,17.729H1c-0.552,0-1,0.447-1,1s0.448,1,1,1h2.773c0.552,0,1-0.447,1-1S4.325,17.729,3.773,17.729z\"><\/path><\/g><\/svg>\t\t\t\t\t\t<\/div>\n\t\t\t\t\t<\/div>\n\t\t\t\t\n\t\t\t\t\t\t\t\t\t<h3 class=\"elementor-cta__title elementor-cta__content-item elementor-content-item\">\n\t\t\t\t\t\tImprim\u00e9s de mon entreprise\t\t\t\t\t<\/h3>\n\t\t\t\t\n\t\t\t\t\t\t\t\t\t<div class=\"elementor-cta__description elementor-cta__content-item elementor-content-item\">\n\t\t\t\t\t\t<p>Connectez-vous pour acc\u00e9der \u00e0 vos mod\u00e8les personnalis\u00e9s que nous avons cr\u00e9\u00e9s pour votre entreprise.<\/p>\n\t\t\t\t\t<\/div>\n\t\t\t\t\n\t\t\t\t\t\t\t\t\t<div class=\"elementor-cta__button-wrapper elementor-cta__content-item elementor-content-item \">\n\t\t\t\t\t<span class=\"elementor-cta__button elementor-button elementor-size-\">\n\t\t\t\t\t\tVers mes mod\u00e8les\t\t\t\t\t<\/span>\n\t\t\t\t\t<\/div>\n\t\t\t\t\t\t\t<\/div>\n\t\t\t\t\t\t<\/a>\n\t\t\t\t\t\t<\/div>\n\t\t\t\t<\/div>\n\t\t\t\t<div class=\"elementor-element elementor-element-8beede6 negative elementor-widget__width-initial elementor-widget-tablet__width-initial elementor-widget-mobile__width-inherit elementor-cta--skin-classic elementor-widget elementor-widget-call-to-action\" data-id=\"8beede6\" data-element_type=\"widget\" data-e-type=\"widget\" data-widget_type=\"call-to-action.default\">\n\t\t\t\t<div class=\"elementor-widget-container\">\n\t\t\t\t\t\t\t<a class=\"elementor-cta\" href=\"https:\/\/webtoprint.triner.ch\/trauerdrucksachen\/\">\n\t\t\t\t\t\t\t<div class=\"elementor-cta__content\">\n\t\t\t\t\t\t\t\t\t<div class=\"elementor-content-item elementor-cta__content-item elementor-icon-wrapper elementor-cta__icon elementor-view-default\">\n\t\t\t\t\t\t<div class=\"elementor-icon\">\n\t\t\t\t\t\t\t<svg xmlns=\"http:\/\/www.w3.org\/2000\/svg\" xmlns:xlink=\"http:\/\/www.w3.org\/1999\/xlink\" id=\"Ebene_1\" x=\"0px\" y=\"0px\" viewBox=\"0 0 43.934 37.835\" style=\"enable-background:new 0 0 43.934 37.835;\" xml:space=\"preserve\"><style type=\"text\/css\">\t.st0{fill:#D5092D;}\t.st1{fill:#FFFFFF;}<\/style><g>\t<path d=\"M25.017,0c-5.37,0-10.506,2.295-14.093,6.298c-0.369,0.411-0.334,1.043,0.077,1.412c0.412,0.368,1.044,0.333,1.412-0.078   C15.621,4.053,20.214,2,25.017,2c9.328,0,16.917,7.589,16.917,16.917s-7.589,16.918-16.917,16.918   c-4.804,0-9.399-2.054-12.606-5.636c-0.369-0.411-1-0.446-1.412-0.078s-0.446,1.001-0.078,1.412   c3.586,4.005,8.724,6.302,14.096,6.302c10.431,0,18.917-8.486,18.917-18.918C43.934,8.486,35.448,0,25.017,0z\"><\/path>\t<path d=\"M17.858,24.672c-0.391,0.391-0.391,1.023,0,1.414c0.195,0.195,0.451,0.293,0.707,0.293s0.512-0.098,0.707-0.293   l6.649-6.649c0.391-0.391,0.391-1.023,0-1.414l-6.649-6.649c-0.391-0.391-1.023-0.391-1.414,0s-0.391,1.023,0,1.414l4.942,4.942   H8.707c-0.552,0-1,0.447-1,1s0.448,1,1,1H22.8L17.858,24.672z\"><\/path>\t<path d=\"M3.773,17.729H1c-0.552,0-1,0.447-1,1s0.448,1,1,1h2.773c0.552,0,1-0.447,1-1S4.325,17.729,3.773,17.729z\"><\/path><\/g><\/svg>\t\t\t\t\t\t<\/div>\n\t\t\t\t\t<\/div>\n\t\t\t\t\n\t\t\t\t\t\t\t\t\t<h3 class=\"elementor-cta__title elementor-cta__content-item elementor-content-item\">\n\t\t\t\t\t\tImprim\u00e9s pour le deuil\t\t\t\t\t<\/h3>\n\t\t\t\t\n\t\t\t\t\t\t\t\t\t<div class=\"elementor-cta__description elementor-cta__content-item elementor-content-item\">\n\t\t\t\t\t\t<p>Vous trouverez ici des mod\u00e8les adapt\u00e9s pour les circulaires de deuil, les cartes de remerciement, les enveloppes et bien plus encore. Vous pouvez commander sans com<\/p>\n\t\t\t\t\t<\/div>\n\t\t\t\t\n\t\t\t\t\t\t\t\t\t<div class=\"elementor-cta__button-wrapper elementor-cta__content-item elementor-content-item \">\n\t\t\t\t\t<span class=\"elementor-cta__button elementor-button elementor-size-\">\n\t\t\t\t\t\tVers les mod\u00e8les\t\t\t\t\t<\/span>\n\t\t\t\t\t<\/div>\n\t\t\t\t\t\t\t<\/div>\n\t\t\t\t\t\t<\/a>\n\t\t\t\t\t\t<\/div>\n\t\t\t\t<\/div>\n\t\t\t\t\t<\/div>\n\t\t<\/div>\n\t\t\t\t\t<\/div>\n\t\t<\/section>\n\t\t\t\t\t<\/div>\n\t\t<\/div>\n\t\t\t\t\t<\/div>\n\t\t<\/section>\n\t\t\t\t<\/div>\n\t\t","protected":false},"excerpt":{"rendered":"<p>Web-to-Print Imprim\u00e9s de mon entreprise Connectez-vous pour acc\u00e9der \u00e0 vos mod\u00e8les personnalis\u00e9s que nous avons cr\u00e9\u00e9s pour votre entreprise. Vers mes mod\u00e8les Imprim\u00e9s pour le deuil Vous trouverez ici des mod\u00e8les adapt\u00e9s pour les circulaires de deuil, les cartes de remerciement, les enveloppes et bien plus encore. Vous pouvez commander sans com Vers les mod\u00e8les<\/p>\n","protected":false},"author":6,"featured_media":0,"parent":0,"menu_order":0,"comment_status":"closed","ping_status":"closed","template":"","meta":{"footnotes":""},"class_list":["post-1340","page","type-page","status-publish","hentry"],"_links":{"self":[{"href":"https:\/\/webtoprint.triner.ch\/fr\/wp-json\/wp\/v2\/pages\/1340","targetHints":{"allow":["GET"]}}],"collection":[{"href":"https:\/\/webtoprint.triner.ch\/fr\/wp-json\/wp\/v2\/pages"}],"about":[{"href":"https:\/\/webtoprint.triner.ch\/fr\/wp-json\/wp\/v2\/types\/page"}],"author":[{"embeddable":true,"href":"https:\/\/webtoprint.triner.ch\/fr\/wp-json\/wp\/v2\/users\/6"}],"replies":[{"embeddable":true,"href":"https:\/\/webtoprint.triner.ch\/fr\/wp-json\/wp\/v2\/comments?post=1340"}],"version-history":[{"count":0,"href":"https:\/\/webtoprint.triner.ch\/fr\/wp-json\/wp\/v2\/pages\/1340\/revisions"}],"wp:attachment":[{"href":"https:\/\/webtoprint.triner.ch\/fr\/wp-json\/wp\/v2\/media?parent=1340"}],"curies":[{"name":"wp","href":"https:\/\/api.w.org\/{rel}","templated":true}]}}