{"id":1356,"date":"2023-11-17T17:15:58","date_gmt":"2023-11-17T16:15:58","guid":{"rendered":"https:\/\/webtoprint.triner.ch\/?post_type=product&#038;p=1356"},"modified":"2024-10-16T08:32:42","modified_gmt":"2024-10-16T06:32:42","slug":"kuvert-individuell","status":"publish","type":"product","link":"https:\/\/webtoprint.triner.ch\/fr\/produit\/kuvert-individuell\/","title":{"rendered":"Kuvert individuell"},"content":{"rendered":"<p>Passendes Kuvert f\u00fcr <a href=\"https:\/\/webtoprint.triner.ch\/produkt\/danksagungskarte\/\" target=\"_blank\" rel=\"noopener\">Danksagungskarten<\/a> und <a href=\"https:\/\/webtoprint.triner.ch\/produkt\/leidzirkular\/\" target=\"_blank\" rel=\"noopener\">Leidzirkulare<\/a>, welches Sie mit einem eigenen <a href=\"https:\/\/transfer.triner.ch\/sharing\/Ebncnab3M\" target=\"_blank\" rel=\"noopener\">Hintergrundbild<\/a> bedrucken lassen k\u00f6nnen.<\/p>\n<p><strong>Adressieren<\/strong><br \/>\nSie k\u00f6nnen Adressen und P.P.-Frankierung gleich aufdrucken lassen. Verwenden Sie f\u00fcr die Erfassung der Adressen und Frankierung <a href=\"https:\/\/transfer.triner.ch\/sharing\/MFWhSSJGS\" target=\"_blank\" rel=\"noopener\">diese Excelvorlage<\/a>. Nach der Bestellung k\u00f6nnen Sie diese auf unseren Server hochladen. Beachten Sie, dass wir maximal so viele Adressen aufdrucken werden, wie Sie im Feld \u00abAnzahl Adressen\u00bb angegeben haben.<\/p>\n<p><strong>Postversand<\/strong><br \/>\nW\u00fcnschen Sie, dass wir die Leidzirkulare oder Danksagungskarten gleich in die Kuverts einstecken und f\u00fcr Sie den Postversand organisieren? Dann kontaktieren Sie uns! Unsere Koordinaten finden Sie <a href=\"#kontakt\">am Ende dieser Seite<\/a>.<\/p>\n","protected":false},"excerpt":{"rendered":"<p>Passendes Kuvert f\u00fcr Danksagungskarten und Leidzirkulare, welches Sie mit einem eigenen Hintergrundbild bedrucken lassen k\u00f6nnen. Adressieren Sie k\u00f6nnen Adressen und P.P.-Frankierung gleich aufdrucken lassen. Verwenden Sie f\u00fcr die Erfassung der Adressen und Frankierung diese Excelvorlage. Nach der Bestellung k\u00f6nnen Sie diese auf unseren Server hochladen. Beachten Sie, dass wir maximal so viele Adressen aufdrucken werden, [&hellip;]<\/p>\n","protected":false},"featured_media":1357,"template":"","meta":[],"product_brand":[],"product_cat":[515,429],"product_tag":[],"class_list":{"0":"post-1356","1":"product","2":"type-product","3":"status-publish","4":"has-post-thumbnail","6":"product_cat-kuvert-fuer-trauerdrucksachen","7":"product_cat-trauerdrucksachen","8":"product_shipping_class-standard","10":"first","11":"instock","12":"taxable","13":"shipping-taxable","14":"purchasable","15":"product-type-fixed"},"_links":{"self":[{"href":"https:\/\/webtoprint.triner.ch\/fr\/wp-json\/wp\/v2\/product\/1356","targetHints":{"allow":["GET"]}}],"collection":[{"href":"https:\/\/webtoprint.triner.ch\/fr\/wp-json\/wp\/v2\/product"}],"about":[{"href":"https:\/\/webtoprint.triner.ch\/fr\/wp-json\/wp\/v2\/types\/product"}],"wp:featuredmedia":[{"embeddable":true,"href":"https:\/\/webtoprint.triner.ch\/fr\/wp-json\/wp\/v2\/media\/1357"}],"wp:attachment":[{"href":"https:\/\/webtoprint.triner.ch\/fr\/wp-json\/wp\/v2\/media?parent=1356"}],"wp:term":[{"taxonomy":"product_brand","embeddable":true,"href":"https:\/\/webtoprint.triner.ch\/fr\/wp-json\/wp\/v2\/product_brand?post=1356"},{"taxonomy":"product_cat","embeddable":true,"href":"https:\/\/webtoprint.triner.ch\/fr\/wp-json\/wp\/v2\/product_cat?post=1356"},{"taxonomy":"product_tag","embeddable":true,"href":"https:\/\/webtoprint.triner.ch\/fr\/wp-json\/wp\/v2\/product_tag?post=1356"}],"curies":[{"name":"wp","href":"https:\/\/api.w.org\/{rel}","templated":true}]}}