{"id":1370,"date":"2023-11-22T06:34:57","date_gmt":"2023-11-22T05:34:57","guid":{"rendered":"https:\/\/webtoprint.triner.ch\/?post_type=product&#038;p=1370"},"modified":"2024-10-16T08:32:34","modified_gmt":"2024-10-16T06:32:34","slug":"kuvert-standard","status":"publish","type":"product","link":"https:\/\/webtoprint.triner.ch\/fr\/produit\/kuvert-standard\/","title":{"rendered":"Kuvert Standard"},"content":{"rendered":"<p>Passendes Kuvert f\u00fcr <a href=\"https:\/\/webtoprint.triner.ch\/produkt\/danksagungskarte\/\" target=\"_blank\" rel=\"noopener\">Danksagungskarten<\/a> und <a href=\"https:\/\/webtoprint.triner.ch\/produkt\/leidzirkular\/\" target=\"_blank\" rel=\"noopener\">Leidzirkulare<\/a>. M\u00f6chten Sie das Kuvert mit einem eigenen Hintergrundbild gestalten? Dann w\u00e4hlen Sie stattdessen das <a href=\"https:\/\/webtoprint.triner.ch\/produkt\/kuvert-individuell\/\" rel=\"noopener\">Kuvert individuell<\/a>.<\/p>\n<p><strong>Adressieren<\/strong><br \/>\nSie k\u00f6nnen Adressen und P.P.-Frankierung gleich aufdrucken lassen. Verwenden Sie f\u00fcr die Erfassung der Adressen und Frankierung <a href=\"https:\/\/transfer.triner.ch\/sharing\/MFWhSSJGS\" target=\"_blank\" rel=\"noopener\">diese Excelvorlage<\/a>. Nach der Bestellung k\u00f6nnen Sie diese auf unseren Server hochladen. Beachten Sie, dass wir maximal so viele Adressen aufdrucken werden, wie Sie im Feld \u00abAnzahl Adressen\u00bb angegeben haben.<\/p>\n<p><strong>Postversand<\/strong><br \/>\nW\u00fcnschen Sie, dass wir die Leidzirkulare oder Danksagungskarten gleich in die Kuverts einstecken und f\u00fcr Sie den Postversand organisieren? Dann kontaktieren Sie uns! Unsere Koordinaten finden Sie <a href=\"#kontakt\">am Ende dieser Seite<\/a>.<\/p>\n","protected":false},"excerpt":{"rendered":"<p>Passendes Kuvert f\u00fcr Danksagungskarten und Leidzirkulare. M\u00f6chten Sie das Kuvert mit einem eigenen Hintergrundbild gestalten? Dann w\u00e4hlen Sie stattdessen das Kuvert individuell. Adressieren Sie k\u00f6nnen Adressen und P.P.-Frankierung gleich aufdrucken lassen. Verwenden Sie f\u00fcr die Erfassung der Adressen und Frankierung diese Excelvorlage. Nach der Bestellung k\u00f6nnen Sie diese auf unseren Server hochladen. Beachten Sie, dass [&hellip;]<\/p>\n","protected":false},"featured_media":1378,"template":"","meta":[],"product_brand":[],"product_cat":[515,429],"product_tag":[],"class_list":{"0":"post-1370","1":"product","2":"type-product","3":"status-publish","4":"has-post-thumbnail","6":"product_cat-kuvert-fuer-trauerdrucksachen","7":"product_cat-trauerdrucksachen","8":"product_shipping_class-standard","10":"first","11":"instock","12":"taxable","13":"shipping-taxable","14":"purchasable","15":"product-type-fixed"},"_links":{"self":[{"href":"https:\/\/webtoprint.triner.ch\/fr\/wp-json\/wp\/v2\/product\/1370","targetHints":{"allow":["GET"]}}],"collection":[{"href":"https:\/\/webtoprint.triner.ch\/fr\/wp-json\/wp\/v2\/product"}],"about":[{"href":"https:\/\/webtoprint.triner.ch\/fr\/wp-json\/wp\/v2\/types\/product"}],"wp:featuredmedia":[{"embeddable":true,"href":"https:\/\/webtoprint.triner.ch\/fr\/wp-json\/wp\/v2\/media\/1378"}],"wp:attachment":[{"href":"https:\/\/webtoprint.triner.ch\/fr\/wp-json\/wp\/v2\/media?parent=1370"}],"wp:term":[{"taxonomy":"product_brand","embeddable":true,"href":"https:\/\/webtoprint.triner.ch\/fr\/wp-json\/wp\/v2\/product_brand?post=1370"},{"taxonomy":"product_cat","embeddable":true,"href":"https:\/\/webtoprint.triner.ch\/fr\/wp-json\/wp\/v2\/product_cat?post=1370"},{"taxonomy":"product_tag","embeddable":true,"href":"https:\/\/webtoprint.triner.ch\/fr\/wp-json\/wp\/v2\/product_tag?post=1370"}],"curies":[{"name":"wp","href":"https:\/\/api.w.org\/{rel}","templated":true}]}}