{"id":1379,"date":"2023-11-24T08:35:54","date_gmt":"2023-11-24T07:35:54","guid":{"rendered":"https:\/\/webtoprint.triner.ch\/?post_type=product&#038;p=1379"},"modified":"2024-03-28T17:18:37","modified_gmt":"2024-03-28T16:18:37","slug":"leidzirkular","status":"publish","type":"product","link":"https:\/\/webtoprint.triner.ch\/fr\/produit\/leidzirkular\/","title":{"rendered":"Leidzirkular"},"content":{"rendered":"<p>Das Leidzirkular wird auf 160g\/m<sup>2<\/sup> starkes Papier gedruckt und einmal quergefalzt. Das Format betr\u00e4gt offen 180mm \u00d7 225mm und geschlossen 180mm \u00d7 112.5mm. Text und Bilder k\u00f6nnen Sie selbst anpassen.<\/p>\n<p>Ben\u00f6tigen Sie noch passende <a href=\"https:\/\/webtoprint.triner.ch\/produkt\/kuvert-standard\/\" target=\"_blank\" rel=\"noopener\">Kuverts<\/a>? Diese k\u00f6nnen Sie auf Wunsch auch gleich mit Adressen und Frankierung bedrucken lassen und\/oder <a href=\"https:\/\/webtoprint.triner.ch\/produkt\/kuvert-individuell\/\">mit einem eigenen Hintergrundbild<\/a>.<\/p>\n","protected":false},"excerpt":{"rendered":"<p>Das Leidzirkular wird auf 160g\/m2 starkes Papier gedruckt und einmal quergefalzt. Das Format betr\u00e4gt offen 180mm \u00d7 225mm und geschlossen 180mm \u00d7 112.5mm. Text und Bilder k\u00f6nnen Sie selbst anpassen. Ben\u00f6tigen Sie noch passende Kuverts? Diese k\u00f6nnen Sie auf Wunsch auch gleich mit Adressen und Frankierung bedrucken lassen und\/oder mit einem eigenen Hintergrundbild.<\/p>\n","protected":false},"featured_media":1380,"template":"","meta":[],"product_brand":[],"product_cat":[429],"product_tag":[],"class_list":{"0":"post-1379","1":"product","2":"type-product","3":"status-publish","4":"has-post-thumbnail","6":"product_cat-trauerdrucksachen","7":"product_shipping_class-standard","9":"first","10":"instock","11":"taxable","12":"shipping-taxable","13":"purchasable","14":"product-type-fixed"},"_links":{"self":[{"href":"https:\/\/webtoprint.triner.ch\/fr\/wp-json\/wp\/v2\/product\/1379","targetHints":{"allow":["GET"]}}],"collection":[{"href":"https:\/\/webtoprint.triner.ch\/fr\/wp-json\/wp\/v2\/product"}],"about":[{"href":"https:\/\/webtoprint.triner.ch\/fr\/wp-json\/wp\/v2\/types\/product"}],"wp:featuredmedia":[{"embeddable":true,"href":"https:\/\/webtoprint.triner.ch\/fr\/wp-json\/wp\/v2\/media\/1380"}],"wp:attachment":[{"href":"https:\/\/webtoprint.triner.ch\/fr\/wp-json\/wp\/v2\/media?parent=1379"}],"wp:term":[{"taxonomy":"product_brand","embeddable":true,"href":"https:\/\/webtoprint.triner.ch\/fr\/wp-json\/wp\/v2\/product_brand?post=1379"},{"taxonomy":"product_cat","embeddable":true,"href":"https:\/\/webtoprint.triner.ch\/fr\/wp-json\/wp\/v2\/product_cat?post=1379"},{"taxonomy":"product_tag","embeddable":true,"href":"https:\/\/webtoprint.triner.ch\/fr\/wp-json\/wp\/v2\/product_tag?post=1379"}],"curies":[{"name":"wp","href":"https:\/\/api.w.org\/{rel}","templated":true}]}}